{"id":1204,"date":"2024-04-30T14:50:00","date_gmt":"2024-04-30T12:50:00","guid":{"rendered":"https:\/\/www.elearning.greenyouproject.eu\/youth\/animation-videos\/"},"modified":"2025-02-18T10:44:20","modified_gmt":"2025-02-18T08:44:20","slug":"animation-videos","status":"publish","type":"page","link":"https:\/\/www.elearning.greenyouproject.eu\/fr\/youth\/animation-videos\/","title":{"rendered":"Vid\u00e9os d&rsquo;animation"},"content":{"rendered":"<div>\n<p>Dans la section de la s\u00e9rie vid\u00e9o Animation GreenYOU, vous trouverez six animations attrayantes d&rsquo;une dur\u00e9e de 1 \u00e0 2 minutes qui sensibilisent au climat et promeuvent les comp\u00e9tences vertes. Ces vid\u00e9os, qui compl\u00e8tent nos Digital Escape Rooms, explorent la mani\u00e8re dont les comp\u00e9tences vertes luttent contre le changement climatique, l&rsquo;impact de la transition \u00e9cologique sur l&#8217;employabilit\u00e9 des jeunes et le r\u00f4le essentiel des jeunes g\u00e9n\u00e9rations dans la promotion d&rsquo;un avenir durable.<\/p>\n<\/div>\n<h2>Vid\u00e9o d&rsquo;animation 1<\/h2>\n<h3>Comp\u00e9tences vertes : Lutte contre le changement climatique<\/h3>\n<p><p>\n        <a href=\"https:\/\/www.youtube.com\/watch?v=w02FkZRe1dQ\">Partager cette vid\u00e9o<\/a>\n    <\/p>\n<\/p>\n<p><iframe src=\"https:\/\/www.youtube.com\/watch?v=w02FkZRe1dQ\"><\/iframe><\/p>\n<h2>Vid\u00e9o d&rsquo;animation 2<\/h2>\n<p><iframe src=\"https:\/\/www.youtube.com\/watch?v=N2ceTA7qZco\"><\/iframe><\/p>\n<h3>Donner aux jeunes les moyens d&rsquo;un avenir durable : Des comp\u00e9tences vertes pour des emplois verts<\/h3>\n<p><p>\n        <a href=\"https:\/\/www.youtube.com\/watch?v=N2ceTA7qZco\">Partager cette vid\u00e9o<\/a>\n    <\/p>\n<\/p>\n<h2>Vid\u00e9o d&rsquo;animation 3<\/h2>\n<h3>Transition \u00e9cologique et employabilit\u00e9 des jeunes<\/h3>\n<p><p>\n        <a href=\"https:\/\/www.youtube.com\/watch?v=E9UdR5IfBfU\">Partager cette vid\u00e9o<\/a>\n    <\/p>\n<\/p>\n<p><iframe src=\"https:\/\/www.youtube.com\/watch?v=E9UdR5IfBfU\"><\/iframe><\/p>\n<h2>Vid\u00e9o d&rsquo;animation 4<\/h2>\n<p><iframe src=\"https:\/\/www.youtube.com\/watch?v=xdTyqq-4pC4\"><\/iframe><\/p>\n<h3>\n<p>Les comp\u00e9tences vertes sont la cl\u00e9 d&rsquo;un avenir durable<\/p>\n<\/h3>\n<p><p>\n        <a href=\"https:\/\/www.youtube.com\/watch?v=xdTyqq-4pC4\">Partager cette vid\u00e9o<\/a>\n    <\/p>\n<\/p>\n<h2>Vid\u00e9o d&rsquo;animation 5<\/h2>\n<h3>\n<p>La transition \u00e9cologique et le r\u00f4le des jeunes g\u00e9n\u00e9rations<\/p>\n<\/h3>\n<p><p>\n        <a href=\"https:\/\/www.youtube.com\/watch?v=ivjEvT2bERg\">Partager cette vid\u00e9o<\/a>\n    <\/p>\n<\/p>\n<p><iframe src=\"https:\/\/www.youtube.com\/watch?v=ivjEvT2bERg\"><\/iframe><\/p>\n<h2>Vid\u00e9o d&rsquo;animation 6<\/h2>\n<p><iframe src=\"https:\/\/www.youtube.com\/watch?v=fa1qSyenGys\"><\/iframe><\/p>\n<h3>\n<p>Les jeunes face au changement climatique<\/p>\n<\/h3>\n<p><p>\n        <a href=\"https:\/\/www.youtube.com\/watch?v=fa1qSyenGys\">Partager cette vid\u00e9o<\/a>\n    <\/p>\n<\/p>\n<h2>Vid\u00e9o d&rsquo;animation 1<\/h2>\n<h3>Comp\u00e9tences vertes : Lutte contre le changement climatique<\/h3>\n<p><iframe src=\"https:\/\/www.youtube.com\/watch?v=w02FkZRe1dQ\"><\/iframe><\/p>\n<p><p>\n        <a href=\"https:\/\/www.youtube.com\/watch?v=w02FkZRe1dQ\">Partager cette vid\u00e9o<\/a>\n    <\/p>\n<\/p>\n<h2>Vid\u00e9o d&rsquo;animation 2<\/h2>\n<h3>Donner aux jeunes les moyens d&rsquo;un avenir durable : Des comp\u00e9tences vertes pour des emplois verts<\/h3>\n<p><iframe src=\"https:\/\/www.youtube.com\/watch?v=N2ceTA7qZco\"><\/iframe><\/p>\n<p><p>\n        <a href=\"https:\/\/www.youtube.com\/watch?v=N2ceTA7qZco\">Partager cette vid\u00e9o<\/a>\n    <\/p>\n<\/p>\n<h2>Vid\u00e9o d&rsquo;animation 3<\/h2>\n<h3>Transition \u00e9cologique et employabilit\u00e9 des jeunes<\/h3>\n<p><iframe src=\"https:\/\/www.youtube.com\/watch?v=E9UdR5IfBfU\"><\/iframe><\/p>\n<p><p>\n        <a href=\"https:\/\/www.youtube.com\/watch?v=E9UdR5IfBfU\">Partager cette vid\u00e9o<\/a>\n    <\/p>\n<\/p>\n<h2>Vid\u00e9o d&rsquo;animation 4<\/h2>\n<h3>\n<p>Les comp\u00e9tences vertes sont la cl\u00e9 d&rsquo;un avenir durable<\/p>\n<\/h3>\n<p><iframe src=\"https:\/\/www.youtube.com\/watch?v=xdTyqq-4pC4\"><\/iframe><\/p>\n<p><p>\n        <a href=\"https:\/\/www.youtube.com\/watch?v=xdTyqq-4pC4\">Partager cette vid\u00e9o<\/a>\n    <\/p>\n<\/p>\n<h2>Vid\u00e9o d&rsquo;animation 5<\/h2>\n<h3>\n<p>La transition \u00e9cologique et le r\u00f4le des jeunes g\u00e9n\u00e9rations<\/p>\n<\/h3>\n<p><iframe src=\"https:\/\/www.youtube.com\/watch?v=ivjEvT2bERg\"><\/iframe><\/p>\n<p><p>\n        <a href=\"https:\/\/www.youtube.com\/watch?v=ivjEvT2bERg\">Partager cette vid\u00e9o<\/a>\n    <\/p>\n<\/p>\n<h2>Vid\u00e9o d&rsquo;animation 6<\/h2>\n<h3>\n<p>Les jeunes face au changement climatique<\/p>\n<\/h3>\n<p><iframe src=\"https:\/\/www.youtube.com\/watch?v=fa1qSyenGys\"><\/iframe><\/p>\n<p><p>\n        <a href=\"https:\/\/www.youtube.com\/watch?v=fa1qSyenGys\">Partager cette vid\u00e9o<\/a>\n    <\/p>\n<\/p>\n<p><!--more--><br \/>\n<!-- {\"type\":\"layout\",\"children\":[{\"type\":\"section\",\"props\":{\"animation\":\"scale-up\",\"animation_delay\":\"200\",\"image_position\":\"center-center\",\"style\":\"default\",\"title_breakpoint\":\"xl\",\"title_position\":\"top-left\",\"title_rotation\":\"left\",\"vertical_align\":\"\",\"width\":\"default\"},\"children\":[{\"type\":\"row\",\"children\":[{\"type\":\"column\",\"props\":{\"image_position\":\"center-center\",\"position_sticky_breakpoint\":\"m\"},\"children\":[{\"type\":\"breadcrumbs\",\"props\":{\"show_current\":true,\"show_home\":true}},{\"type\":\"headline\",\"props\":{\"margin\":\"default\",\"title_color\":\"success\",\"title_element\":\"h1\"},\"source\":{\"query\":{\"name\":\"pages.singlePage\"},\"props\":{\"content\":{\"filters\":{\"search\":\"\"},\"name\":\"title\"}}}}]}]},{\"type\":\"row\",\"props\":{\"layout\":\"1-5,4-5\"},\"children\":[{\"type\":\"column\",\"props\":{\"image_position\":\"center-center\",\"position_sticky_breakpoint\":\"m\",\"vertical_align\":\"middle\",\"width_medium\":\"1-5\"},\"children\":[{\"type\":\"image\",\"props\":{\"class\":\"innericon\",\"image_svg_color\":\"emphasis\",\"image_width\":\"300\",\"margin\":\"default\"},\"source\":{\"query\":{\"name\":\"pages.customPage\",\"arguments\":{\"users\":[],\"users_operator\":\"IN\",\"offset\":0,\"order\":\"date\",\"order_direction\":\"DESC\",\"id\":565}},\"props\":{\"image\":{\"filters\":{\"search\":\"\"},\"name\":\"featuredImage.url\"}}}}]},{\"type\":\"column\",\"props\":{\"image_position\":\"center-center\",\"position_sticky_breakpoint\":\"m\",\"width_medium\":\"4-5\"},\"children\":[{\"type\":\"text\",\"props\":{\"column_breakpoint\":\"m\",\"content\":\"\n\n<p>Dans la section de la s\\u00e9rie vid\\u00e9o Animation GreenYOU, vous trouverez six animations attrayantes d'une dur\\u00e9e de 1 \\u00e0 2 minutes qui sensibilisent au climat et promeuvent les comp\\u00e9tences vertes. Ces vid\\u00e9os, qui compl\\u00e8tent nos Digital Escape Rooms, explorent la mani\\u00e8re dont les comp\\u00e9tences vertes luttent contre le changement climatique, l'impact de la transition \\u00e9cologique sur l'employabilit\\u00e9 des jeunes et le r\\u00f4le essentiel des jeunes g\\u00e9n\\u00e9rations dans la promotion d'un avenir durable.<\\\/p>\",\"margin\":\"default\",\"text_style\":\"lead\"}}]}]}],\"name\":\"AV - S1\"},{\"type\":\"section\",\"props\":{\"animation\":\"slide-left-small\",\"animation_delay\":\"400\",\"class\":\"uk-visible@l\",\"image_position\":\"center-center\",\"padding_remove_top\":true,\"style\":\"default\",\"title_breakpoint\":\"xl\",\"title_position\":\"top-left\",\"title_rotation\":\"left\",\"vertical_align\":\"\",\"width\":\"default\"},\"children\":[{\"type\":\"row\",\"children\":[{\"type\":\"column\",\"props\":{\"image_position\":\"center-center\",\"position_sticky_breakpoint\":\"m\"},\"children\":[{\"type\":\"headline\",\"props\":{\"content\":\"Vid\\u00e9o d'animation 1\",\"title_color\":\"success\",\"title_element\":\"h2\"},\"name\":\"AV1\"}]}]},{\"type\":\"row\",\"children\":[{\"type\":\"column\",\"props\":{\"image_position\":\"center-center\",\"order_first\":\"s\",\"position_sticky_breakpoint\":\"m\",\"vertical_align\":\"middle\",\"width_medium\":\"1-2\"},\"children\":[{\"type\":\"headline\",\"props\":{\"content\":\"Comp\\u00e9tences vertes : Lutte contre le changement climatique\",\"text_align\":\"center\",\"title_color\":\"primary\",\"title_element\":\"h3\"}},{\"type\":\"button\",\"props\":{\"fullwidth\":false,\"grid_column_gap\":\"small\",\"grid_row_gap\":\"small\",\"margin\":\"default\",\"text_align\":\"center\"},\"children\":[{\"type\":\"button_item\",\"props\":{\"button_style\":\"primary\",\"content\":\"Partager cette vid\\u00e9o\",\"dialog_layout\":\"modal\",\"dialog_offcanvas_flip\":true,\"icon_align\":\"left\",\"link\":\"https:\\\/\\\/www.youtube.com\\\/watch?v=w02FkZRe1dQ\",\"link_target\":\"blank\"}}]}]},{\"type\":\"column\",\"props\":{\"image_position\":\"center-center\",\"order_first\":\"s\",\"position_sticky_breakpoint\":\"m\",\"vertical_align\":\"middle\",\"width_medium\":\"1-2\"},\"children\":[{\"type\":\"video\",\"props\":{\"margin\":\"default\",\"video\":\"https:\\\/\\\/www.youtube.com\\\/watch?v=w02FkZRe1dQ\",\"video_controls\":true,\"video_width\":\"720\"}}]}],\"props\":{\"layout\":\"1-2,1-2\"}},{\"type\":\"row\",\"children\":[{\"type\":\"column\",\"props\":{\"image_position\":\"center-center\",\"position_sticky_breakpoint\":\"m\"},\"children\":[{\"type\":\"headline\",\"props\":{\"content\":\"Vid\\u00e9o d'animation 2\",\"title_color\":\"success\",\"title_element\":\"h2\"},\"name\":\"AV2\"}]}]},{\"type\":\"row\",\"children\":[{\"type\":\"column\",\"props\":{\"image_position\":\"center-center\",\"position_sticky_breakpoint\":\"m\",\"width_medium\":\"1-2\"},\"children\":[{\"type\":\"video\",\"props\":{\"margin\":\"default\",\"video\":\"https:\\\/\\\/www.youtube.com\\\/watch?v=N2ceTA7qZco\",\"video_controls\":true,\"video_width\":\"720\"}}]},{\"type\":\"column\",\"props\":{\"image_position\":\"center-center\",\"position_sticky_breakpoint\":\"m\",\"vertical_align\":\"middle\",\"width_medium\":\"1-2\"},\"children\":[{\"type\":\"headline\",\"props\":{\"content\":\"Donner aux jeunes les moyens d'un avenir durable : Des comp\\u00e9tences vertes pour des emplois verts\",\"text_align\":\"center\",\"title_color\":\"primary\",\"title_element\":\"h3\"}},{\"type\":\"button\",\"props\":{\"fullwidth\":false,\"grid_column_gap\":\"small\",\"grid_row_gap\":\"small\",\"margin\":\"default\",\"text_align\":\"center\"},\"children\":[{\"type\":\"button_item\",\"props\":{\"button_style\":\"primary\",\"content\":\"Partager cette vid\\u00e9o\",\"dialog_layout\":\"modal\",\"dialog_offcanvas_flip\":true,\"icon_align\":\"left\",\"link\":\"https:\\\/\\\/www.youtube.com\\\/watch?v=N2ceTA7qZco\",\"link_target\":\"blank\"}}]}]}],\"props\":{\"layout\":\"1-2,1-2\"}},{\"type\":\"row\",\"children\":[{\"type\":\"column\",\"props\":{\"image_position\":\"center-center\",\"position_sticky_breakpoint\":\"m\"},\"children\":[{\"type\":\"headline\",\"props\":{\"content\":\"Vid\\u00e9o d'animation 3\",\"title_color\":\"success\",\"title_element\":\"h2\"},\"name\":\"AV3\"}]}]},{\"type\":\"row\",\"children\":[{\"type\":\"column\",\"props\":{\"image_position\":\"center-center\",\"position_sticky_breakpoint\":\"m\",\"width_medium\":\"1-2\"},\"children\":[{\"type\":\"headline\",\"props\":{\"content\":\"Transition \\u00e9cologique et employabilit\\u00e9 des jeunes\",\"text_align\":\"center\",\"title_color\":\"primary\",\"title_element\":\"h3\"}},{\"type\":\"button\",\"props\":{\"fullwidth\":false,\"grid_column_gap\":\"small\",\"grid_row_gap\":\"small\",\"margin\":\"default\",\"text_align\":\"center\"},\"children\":[{\"type\":\"button_item\",\"props\":{\"button_style\":\"primary\",\"content\":\"Partager cette vid\\u00e9o\",\"dialog_layout\":\"modal\",\"dialog_offcanvas_flip\":true,\"icon_align\":\"left\",\"link\":\"https:\\\/\\\/www.youtube.com\\\/watch?v=E9UdR5IfBfU\",\"link_target\":\"blank\"}}]}]},{\"type\":\"column\",\"props\":{\"image_position\":\"center-center\",\"position_sticky_breakpoint\":\"m\",\"vertical_align\":\"middle\",\"width_medium\":\"1-2\"},\"children\":[{\"type\":\"video\",\"props\":{\"margin\":\"default\",\"video\":\"https:\\\/\\\/www.youtube.com\\\/watch?v=E9UdR5IfBfU\",\"video_controls\":true,\"video_width\":\"720\"}}]}],\"props\":{\"layout\":\"1-2,1-2\"}},{\"type\":\"row\",\"children\":[{\"type\":\"column\",\"props\":{\"image_position\":\"center-center\",\"position_sticky_breakpoint\":\"m\"},\"children\":[{\"type\":\"headline\",\"props\":{\"content\":\"Vid\\u00e9o d'animation 4\",\"title_color\":\"success\",\"title_element\":\"h2\"},\"name\":\"AV4\"}]}]},{\"type\":\"row\",\"children\":[{\"type\":\"column\",\"props\":{\"image_position\":\"center-center\",\"position_sticky_breakpoint\":\"m\",\"width_medium\":\"1-2\"},\"children\":[{\"type\":\"video\",\"props\":{\"margin\":\"default\",\"video\":\"https:\\\/\\\/www.youtube.com\\\/watch?v=xdTyqq-4pC4\",\"video_controls\":true,\"video_width\":\"720\"}}]},{\"type\":\"column\",\"props\":{\"image_position\":\"center-center\",\"position_sticky_breakpoint\":\"m\",\"vertical_align\":\"middle\",\"width_medium\":\"1-2\"},\"children\":[{\"type\":\"headline\",\"props\":{\"content\":\"\n\n<p>Les comp\\u00e9tences vertes sont la cl\\u00e9 d'un avenir durable<\\\/p>\",\"text_align\":\"center\",\"title_color\":\"primary\",\"title_element\":\"h3\"}},{\"type\":\"button\",\"props\":{\"fullwidth\":false,\"grid_column_gap\":\"small\",\"grid_row_gap\":\"small\",\"margin\":\"default\",\"text_align\":\"center\"},\"children\":[{\"type\":\"button_item\",\"props\":{\"button_style\":\"primary\",\"content\":\"Partager cette vid\\u00e9o\",\"dialog_layout\":\"modal\",\"dialog_offcanvas_flip\":true,\"icon_align\":\"left\",\"link\":\"https:\\\/\\\/www.youtube.com\\\/watch?v=xdTyqq-4pC4\",\"link_target\":\"blank\"}}]}]}],\"props\":{\"layout\":\"1-2,1-2\"}},{\"type\":\"row\",\"children\":[{\"type\":\"column\",\"props\":{\"image_position\":\"center-center\",\"position_sticky_breakpoint\":\"m\"},\"children\":[{\"type\":\"headline\",\"props\":{\"content\":\"Vid\\u00e9o d'animation 5\",\"title_color\":\"success\",\"title_element\":\"h2\"},\"name\":\"AV5\"}]}]},{\"type\":\"row\",\"children\":[{\"type\":\"column\",\"props\":{\"image_position\":\"center-center\",\"position_sticky_breakpoint\":\"m\",\"width_medium\":\"1-2\"},\"children\":[{\"type\":\"headline\",\"props\":{\"content\":\"\n\n<p>La transition \\u00e9cologique et le r\\u00f4le des jeunes g\\u00e9n\\u00e9rations<\\\/p>\",\"text_align\":\"center\",\"title_color\":\"primary\",\"title_element\":\"h3\"}},{\"type\":\"button\",\"props\":{\"fullwidth\":false,\"grid_column_gap\":\"small\",\"grid_row_gap\":\"small\",\"margin\":\"default\",\"text_align\":\"center\"},\"children\":[{\"type\":\"button_item\",\"props\":{\"button_style\":\"primary\",\"content\":\"Partager cette vid\\u00e9o\",\"dialog_layout\":\"modal\",\"dialog_offcanvas_flip\":true,\"icon_align\":\"left\",\"link\":\"https:\\\/\\\/www.youtube.com\\\/watch?v=ivjEvT2bERg\",\"link_target\":\"blank\"}}]}]},{\"type\":\"column\",\"props\":{\"image_position\":\"center-center\",\"position_sticky_breakpoint\":\"m\",\"vertical_align\":\"middle\",\"width_medium\":\"1-2\"},\"children\":[{\"type\":\"video\",\"props\":{\"margin\":\"default\",\"video\":\"https:\\\/\\\/www.youtube.com\\\/watch?v=ivjEvT2bERg\",\"video_controls\":true,\"video_width\":\"720\"}}]}],\"props\":{\"layout\":\"1-2,1-2\"}},{\"type\":\"row\",\"children\":[{\"type\":\"column\",\"props\":{\"image_position\":\"center-center\",\"position_sticky_breakpoint\":\"m\"},\"children\":[{\"type\":\"headline\",\"props\":{\"content\":\"Vid\\u00e9o d'animation 6\",\"title_color\":\"success\",\"title_element\":\"h2\"},\"name\":\"AV6\"}]}]},{\"type\":\"row\",\"children\":[{\"type\":\"column\",\"props\":{\"image_position\":\"center-center\",\"position_sticky_breakpoint\":\"m\",\"width_medium\":\"1-2\"},\"children\":[{\"type\":\"video\",\"props\":{\"margin\":\"default\",\"video\":\"https:\\\/\\\/www.youtube.com\\\/watch?v=fa1qSyenGys\",\"video_controls\":true,\"video_width\":\"720\"}}]},{\"type\":\"column\",\"props\":{\"image_position\":\"center-center\",\"position_sticky_breakpoint\":\"m\",\"vertical_align\":\"middle\",\"width_medium\":\"1-2\"},\"children\":[{\"type\":\"headline\",\"props\":{\"content\":\"\n\n<p>Les jeunes face au changement climatique<\\\/p>\",\"text_align\":\"center\",\"title_color\":\"primary\",\"title_element\":\"h3\"}},{\"type\":\"button\",\"props\":{\"fullwidth\":false,\"grid_column_gap\":\"small\",\"grid_row_gap\":\"small\",\"margin\":\"default\",\"text_align\":\"center\"},\"children\":[{\"type\":\"button_item\",\"props\":{\"button_style\":\"primary\",\"content\":\"Partager cette vid\\u00e9o\",\"dialog_layout\":\"modal\",\"dialog_offcanvas_flip\":true,\"icon_align\":\"left\",\"link\":\"https:\\\/\\\/www.youtube.com\\\/watch?v=fa1qSyenGys\",\"link_target\":\"blank\"}}]}]}],\"props\":{\"layout\":\"1-2,1-2\"}},{\"type\":\"row\",\"children\":[{\"type\":\"column\",\"props\":{\"image_position\":\"center-center\",\"position_sticky_breakpoint\":\"m\"},\"children\":[{\"type\":\"totop\",\"props\":{\"margin\":\"default\",\"text_align\":\"center\",\"title\":\"Retour en haut\",\"title_grid_column_gap\":\"small\",\"title_grid_row_gap\":\"small\"}}]}]}],\"name\":\"AV - S2 - Youtube Videos - large screens\"},{\"type\":\"section\",\"props\":{\"animation\":\"slide-left-small\",\"animation_delay\":\"400\",\"class\":\"uk-hidden@l\",\"image_position\":\"center-center\",\"padding_remove_top\":true,\"style\":\"default\",\"title_breakpoint\":\"xl\",\"title_position\":\"top-left\",\"title_rotation\":\"left\",\"vertical_align\":\"\",\"width\":\"default\"},\"children\":[{\"type\":\"row\",\"children\":[{\"type\":\"column\",\"props\":{\"image_position\":\"center-center\",\"position_sticky_breakpoint\":\"m\"},\"children\":[{\"type\":\"headline\",\"props\":{\"content\":\"Vid\\u00e9o d'animation 1\",\"title_color\":\"success\",\"title_element\":\"h2\"},\"name\":\"AV1\"}]}]},{\"type\":\"row\",\"children\":[{\"type\":\"column\",\"props\":{\"image_position\":\"center-center\",\"position_sticky_breakpoint\":\"m\",\"vertical_align\":\"middle\"},\"children\":[{\"type\":\"headline\",\"props\":{\"content\":\"Comp\\u00e9tences vertes : Lutte contre le changement climatique\",\"text_align\":\"center\",\"title_color\":\"primary\",\"title_element\":\"h3\"}},{\"type\":\"video\",\"props\":{\"margin\":\"default\",\"video\":\"https:\\\/\\\/www.youtube.com\\\/watch?v=w02FkZRe1dQ\",\"video_controls\":true,\"video_width\":\"720\"}},{\"type\":\"button\",\"props\":{\"fullwidth\":false,\"grid_column_gap\":\"small\",\"grid_row_gap\":\"small\",\"margin\":\"default\",\"text_align\":\"center\"},\"children\":[{\"type\":\"button_item\",\"props\":{\"button_style\":\"primary\",\"content\":\"Partager cette vid\\u00e9o\",\"dialog_layout\":\"modal\",\"dialog_offcanvas_flip\":true,\"icon_align\":\"left\",\"link\":\"https:\\\/\\\/www.youtube.com\\\/watch?v=w02FkZRe1dQ\",\"link_target\":\"blank\"}}]}]}]},{\"type\":\"row\",\"children\":[{\"type\":\"column\",\"props\":{\"image_position\":\"center-center\",\"position_sticky_breakpoint\":\"m\"},\"children\":[{\"type\":\"headline\",\"props\":{\"content\":\"Vid\\u00e9o d'animation 2\",\"title_color\":\"success\",\"title_element\":\"h2\"},\"name\":\"AV2\"}]}]},{\"type\":\"row\",\"children\":[{\"type\":\"column\",\"props\":{\"image_position\":\"center-center\",\"position_sticky_breakpoint\":\"m\"},\"children\":[{\"type\":\"headline\",\"props\":{\"content\":\"Donner aux jeunes les moyens d'un avenir durable : Des comp\\u00e9tences vertes pour des emplois verts\",\"text_align\":\"center\",\"title_color\":\"primary\",\"title_element\":\"h3\"}},{\"type\":\"video\",\"props\":{\"margin\":\"default\",\"video\":\"https:\\\/\\\/www.youtube.com\\\/watch?v=N2ceTA7qZco\",\"video_controls\":true,\"video_width\":\"720\"}},{\"type\":\"button\",\"props\":{\"fullwidth\":false,\"grid_column_gap\":\"small\",\"grid_row_gap\":\"small\",\"margin\":\"default\",\"text_align\":\"center\"},\"children\":[{\"type\":\"button_item\",\"props\":{\"button_style\":\"primary\",\"content\":\"Partager cette vid\\u00e9o\",\"dialog_layout\":\"modal\",\"dialog_offcanvas_flip\":true,\"icon_align\":\"left\",\"link\":\"https:\\\/\\\/www.youtube.com\\\/watch?v=N2ceTA7qZco\",\"link_target\":\"blank\"}}]}]}]},{\"type\":\"row\",\"children\":[{\"type\":\"column\",\"props\":{\"image_position\":\"center-center\",\"position_sticky_breakpoint\":\"m\"},\"children\":[{\"type\":\"headline\",\"props\":{\"content\":\"Vid\\u00e9o d'animation 3\",\"title_color\":\"success\",\"title_element\":\"h2\"},\"name\":\"AV3\"}]}]},{\"type\":\"row\",\"children\":[{\"type\":\"column\",\"props\":{\"image_position\":\"center-center\",\"position_sticky_breakpoint\":\"m\"},\"children\":[{\"type\":\"headline\",\"props\":{\"content\":\"Transition \\u00e9cologique et employabilit\\u00e9 des jeunes\",\"text_align\":\"center\",\"title_color\":\"primary\",\"title_element\":\"h3\"}},{\"type\":\"video\",\"props\":{\"margin\":\"default\",\"video\":\"https:\\\/\\\/www.youtube.com\\\/watch?v=E9UdR5IfBfU\",\"video_controls\":true,\"video_width\":\"720\"}},{\"type\":\"button\",\"props\":{\"fullwidth\":false,\"grid_column_gap\":\"small\",\"grid_row_gap\":\"small\",\"margin\":\"default\",\"text_align\":\"center\"},\"children\":[{\"type\":\"button_item\",\"props\":{\"button_style\":\"primary\",\"content\":\"Partager cette vid\\u00e9o\",\"dialog_layout\":\"modal\",\"dialog_offcanvas_flip\":true,\"icon_align\":\"left\",\"link\":\"https:\\\/\\\/www.youtube.com\\\/watch?v=E9UdR5IfBfU\",\"link_target\":\"blank\"}}]}]}]},{\"type\":\"row\",\"children\":[{\"type\":\"column\",\"props\":{\"image_position\":\"center-center\",\"position_sticky_breakpoint\":\"m\"},\"children\":[{\"type\":\"headline\",\"props\":{\"content\":\"Vid\\u00e9o d'animation 4\",\"title_color\":\"success\",\"title_element\":\"h2\"},\"name\":\"AV4\"}]}]},{\"type\":\"row\",\"children\":[{\"type\":\"column\",\"props\":{\"image_position\":\"center-center\",\"position_sticky_breakpoint\":\"m\"},\"children\":[{\"type\":\"headline\",\"props\":{\"content\":\"\n\n<p>Les comp\\u00e9tences vertes sont la cl\\u00e9 d'un avenir durable<\\\/p>\",\"text_align\":\"center\",\"title_color\":\"primary\",\"title_element\":\"h3\"}},{\"type\":\"video\",\"props\":{\"margin\":\"default\",\"video\":\"https:\\\/\\\/www.youtube.com\\\/watch?v=xdTyqq-4pC4\",\"video_controls\":true,\"video_width\":\"720\"}},{\"type\":\"button\",\"props\":{\"fullwidth\":false,\"grid_column_gap\":\"small\",\"grid_row_gap\":\"small\",\"margin\":\"default\",\"text_align\":\"center\"},\"children\":[{\"type\":\"button_item\",\"props\":{\"button_style\":\"primary\",\"content\":\"Partager cette vid\\u00e9o\",\"dialog_layout\":\"modal\",\"dialog_offcanvas_flip\":true,\"icon_align\":\"left\",\"link\":\"https:\\\/\\\/www.youtube.com\\\/watch?v=xdTyqq-4pC4\",\"link_target\":\"blank\"}}]}]}]},{\"type\":\"row\",\"children\":[{\"type\":\"column\",\"props\":{\"image_position\":\"center-center\",\"position_sticky_breakpoint\":\"m\"},\"children\":[{\"type\":\"headline\",\"props\":{\"content\":\"Vid\\u00e9o d'animation 5\",\"title_color\":\"success\",\"title_element\":\"h2\"},\"name\":\"AV5\"}]}]},{\"type\":\"row\",\"children\":[{\"type\":\"column\",\"props\":{\"image_position\":\"center-center\",\"position_sticky_breakpoint\":\"m\"},\"children\":[{\"type\":\"headline\",\"props\":{\"content\":\"\n\n<p>La transition \\u00e9cologique et le r\\u00f4le des jeunes g\\u00e9n\\u00e9rations<\\\/p>\",\"text_align\":\"center\",\"title_color\":\"primary\",\"title_element\":\"h3\"}},{\"type\":\"video\",\"props\":{\"margin\":\"default\",\"video\":\"https:\\\/\\\/www.youtube.com\\\/watch?v=ivjEvT2bERg\",\"video_controls\":true,\"video_width\":\"720\"}},{\"type\":\"button\",\"props\":{\"fullwidth\":false,\"grid_column_gap\":\"small\",\"grid_row_gap\":\"small\",\"margin\":\"default\",\"text_align\":\"center\"},\"children\":[{\"type\":\"button_item\",\"props\":{\"button_style\":\"primary\",\"content\":\"Partager cette vid\\u00e9o\",\"dialog_layout\":\"modal\",\"dialog_offcanvas_flip\":true,\"icon_align\":\"left\",\"link\":\"https:\\\/\\\/www.youtube.com\\\/watch?v=ivjEvT2bERg\",\"link_target\":\"blank\"}}]}]}]},{\"type\":\"row\",\"children\":[{\"type\":\"column\",\"props\":{\"image_position\":\"center-center\",\"position_sticky_breakpoint\":\"m\"},\"children\":[{\"type\":\"headline\",\"props\":{\"content\":\"Vid\\u00e9o d'animation 6\",\"title_color\":\"success\",\"title_element\":\"h2\"},\"name\":\"AV6\"}]}]},{\"type\":\"row\",\"children\":[{\"type\":\"column\",\"props\":{\"image_position\":\"center-center\",\"position_sticky_breakpoint\":\"m\"},\"children\":[{\"type\":\"headline\",\"props\":{\"content\":\"\n\n<p>Les jeunes face au changement climatique<\\\/p>\",\"text_align\":\"center\",\"title_color\":\"primary\",\"title_element\":\"h3\"}},{\"type\":\"video\",\"props\":{\"margin\":\"default\",\"video\":\"https:\\\/\\\/www.youtube.com\\\/watch?v=fa1qSyenGys\",\"video_controls\":true,\"video_width\":\"720\"}},{\"type\":\"button\",\"props\":{\"fullwidth\":false,\"grid_column_gap\":\"small\",\"grid_row_gap\":\"small\",\"margin\":\"default\",\"text_align\":\"center\"},\"children\":[{\"type\":\"button_item\",\"props\":{\"button_style\":\"primary\",\"content\":\"Partager cette vid\\u00e9o\",\"dialog_layout\":\"modal\",\"dialog_offcanvas_flip\":true,\"icon_align\":\"left\",\"link\":\"https:\\\/\\\/www.youtube.com\\\/watch?v=fa1qSyenGys\",\"link_target\":\"blank\"}}]}]}]},{\"type\":\"row\",\"children\":[{\"type\":\"column\",\"props\":{\"image_position\":\"center-center\",\"position_sticky_breakpoint\":\"m\"},\"children\":[{\"type\":\"totop\",\"props\":{\"margin\":\"default\",\"text_align\":\"center\",\"title\":\"Retour en haut\",\"title_grid_column_gap\":\"small\",\"title_grid_row_gap\":\"small\"}}]}]}],\"name\":\"AV - S2 - Youtube Videos - large screens\"}],\"version\":\"4.5.4\"} --><\/p>\n","protected":false},"excerpt":{"rendered":"<p>Dans la section de la s\u00e9rie vid\u00e9o Animation GreenYOU, vous trouverez six animations attrayantes d&rsquo;une dur\u00e9e de 1 \u00e0 2 minutes qui sensibilisent au climat..<\/p>\n","protected":false},"author":1,"featured_media":783,"parent":1200,"menu_order":0,"comment_status":"closed","ping_status":"closed","template":"","meta":{"_acf_changed":false,"footnotes":""},"class_list":["post-1204","page","type-page","status-publish","has-post-thumbnail","hentry"],"acf":[],"_links":{"self":[{"href":"https:\/\/www.elearning.greenyouproject.eu\/fr\/wp-json\/wp\/v2\/pages\/1204","targetHints":{"allow":["GET"]}}],"collection":[{"href":"https:\/\/www.elearning.greenyouproject.eu\/fr\/wp-json\/wp\/v2\/pages"}],"about":[{"href":"https:\/\/www.elearning.greenyouproject.eu\/fr\/wp-json\/wp\/v2\/types\/page"}],"author":[{"embeddable":true,"href":"https:\/\/www.elearning.greenyouproject.eu\/fr\/wp-json\/wp\/v2\/users\/1"}],"replies":[{"embeddable":true,"href":"https:\/\/www.elearning.greenyouproject.eu\/fr\/wp-json\/wp\/v2\/comments?post=1204"}],"version-history":[{"count":17,"href":"https:\/\/www.elearning.greenyouproject.eu\/fr\/wp-json\/wp\/v2\/pages\/1204\/revisions"}],"predecessor-version":[{"id":1938,"href":"https:\/\/www.elearning.greenyouproject.eu\/fr\/wp-json\/wp\/v2\/pages\/1204\/revisions\/1938"}],"up":[{"embeddable":true,"href":"https:\/\/www.elearning.greenyouproject.eu\/fr\/wp-json\/wp\/v2\/pages\/1200"}],"wp:featuredmedia":[{"embeddable":true,"href":"https:\/\/www.elearning.greenyouproject.eu\/fr\/wp-json\/wp\/v2\/media\/783"}],"wp:attachment":[{"href":"https:\/\/www.elearning.greenyouproject.eu\/fr\/wp-json\/wp\/v2\/media?parent=1204"}],"curies":[{"name":"wp","href":"https:\/\/api.w.org\/{rel}","templated":true}]}}