{"id":1208,"date":"2024-04-30T14:48:06","date_gmt":"2024-04-30T12:48:06","guid":{"rendered":"https:\/\/www.elearning.greenyouproject.eu\/youth\/escape-rooms\/"},"modified":"2025-02-18T10:42:14","modified_gmt":"2025-02-18T08:42:14","slug":"escape-rooms","status":"publish","type":"page","link":"https:\/\/www.elearning.greenyouproject.eu\/fr\/youth\/escape-rooms\/","title":{"rendered":"Salles d&rsquo;\u00e9vasion"},"content":{"rendered":"<div>\n<p>Bienvenue dans les salles d&rsquo;\u00e9vasion num\u00e9riques GreenYOU ! Vous y trouverez des d\u00e9fis interactifs con\u00e7us pour stimuler votre esprit critique, votre capacit\u00e9 \u00e0 r\u00e9soudre des probl\u00e8mes, votre cr\u00e9ativit\u00e9 et vos comp\u00e9tences en mati\u00e8re de collaboration. Naviguez \u00e0 travers des quiz et des \u00e9nigmes pour approfondir votre compr\u00e9hension du changement climatique et des carri\u00e8res vertes. Chaque section propose des activit\u00e9s attrayantes pour am\u00e9liorer vos connaissances et votre employabilit\u00e9.<\/p>\n<\/div>\n<h3>Salle d&rsquo;\u00e9vasion 1<\/h3>\n<p><p>\n        <a href=\"https:\/\/project-spaces.eu\/learningcontent\/greenyou\/escaperoom1\/story.html\">Afficher en plein \u00e9cran<\/a>\n    <\/p>\n<\/p>\n<div>\n<p>    <iframe loading=\"lazy\" src=\"https:\/\/project-spaces.eu\/learningcontent\/greenyou\/escaperoom1\/story.html\" width=\"100%\" height=\"500\" frameborder=\"0\" allowfullscreen><\/iframe>\n<\/div>\n<h3>Salle d&rsquo;\u00e9vasion 2<\/h3>\n<p><p>\n        <a href=\"https:\/\/project-spaces.eu\/learningcontent\/greenyou\/escaperoom2\/story.html\">Afficher en plein \u00e9cran<\/a>\n    <\/p>\n<\/p>\n<div>\n<p>    <iframe loading=\"lazy\" src=\"https:\/\/project-spaces.eu\/learningcontent\/greenyou\/escaperoom2\/story.html\" width=\"100%\" height=\"500\" frameborder=\"0\" allowfullscreen><\/iframe>\n<\/div>\n<h3>Salle d&rsquo;\u00e9vasion 3<\/h3>\n<p><p>\n        <a href=\"https:\/\/project-spaces.eu\/learningcontent\/greenyou\/escaperoom3\/story.html\">Afficher en plein \u00e9cran<\/a>\n    <\/p>\n<\/p>\n<div>\n<p>    <iframe loading=\"lazy\" src=\"https:\/\/project-spaces.eu\/learningcontent\/greenyou\/escaperoom3\/story.html\" width=\"100%\" height=\"500\" frameborder=\"0\" allowfullscreen><\/iframe>\n<\/div>\n<h3>Salle d&rsquo;\u00e9vasion 4<\/h3>\n<p><p>\n        <a href=\"https:\/\/project-spaces.eu\/learningcontent\/greenyou\/escaperoom4\/story.html\">Afficher en plein \u00e9cran<\/a>\n    <\/p>\n<\/p>\n<div>\n<p>    <iframe loading=\"lazy\" src=\"https:\/\/project-spaces.eu\/learningcontent\/greenyou\/escaperoom4\/story.html\" width=\"100%\" height=\"500\" frameborder=\"0\" allowfullscreen><\/iframe>\n<\/div>\n<h3>Salle d&rsquo;\u00e9vasion 5<\/h3>\n<p><p>\n        <a href=\"https:\/\/project-spaces.eu\/learningcontent\/greenyou\/escaperoom5\/story.html\">Afficher en plein \u00e9cran<\/a>\n    <\/p>\n<\/p>\n<div>\n<p>    <iframe loading=\"lazy\" src=\"https:\/\/project-spaces.eu\/learningcontent\/greenyou\/escaperoom5\/story.html\" width=\"100%\" height=\"500\" frameborder=\"0\" allowfullscreen><\/iframe>\n<\/div>\n<h3>Salle d&rsquo;\u00e9vasion 6<\/h3>\n<p><p>\n        <a href=\"https:\/\/project-spaces.eu\/learningcontent\/greenyou\/escaperoom6\/story.html\">Afficher en plein \u00e9cran<\/a>\n    <\/p>\n<\/p>\n<div>\n<p>    <iframe loading=\"lazy\" src=\"https:\/\/project-spaces.eu\/learningcontent\/greenyou\/escaperoom6\/story.html\" width=\"100%\" height=\"500\" frameborder=\"0\" allowfullscreen><\/iframe>\n<\/div>\n<p><!--more--><br \/>\n<!-- {\"type\":\"layout\",\"children\":[{\"type\":\"section\",\"props\":{\"animation\":\"scale-up\",\"animation_delay\":\"200\",\"image_position\":\"center-center\",\"style\":\"default\",\"title_breakpoint\":\"xl\",\"title_position\":\"top-left\",\"title_rotation\":\"left\",\"vertical_align\":\"\",\"width\":\"default\"},\"children\":[{\"type\":\"row\",\"children\":[{\"type\":\"column\",\"props\":{\"image_position\":\"center-center\",\"position_sticky_breakpoint\":\"m\"},\"children\":[{\"type\":\"breadcrumbs\",\"props\":{\"show_current\":true,\"show_home\":true}},{\"type\":\"headline\",\"props\":{\"margin\":\"default\",\"title_color\":\"success\",\"title_element\":\"h1\"},\"source\":{\"query\":{\"name\":\"pages.singlePage\"},\"props\":{\"content\":{\"filters\":{\"search\":\"\"},\"name\":\"title\"}}}}]}]},{\"type\":\"row\",\"props\":{\"layout\":\"1-5,4-5\"},\"children\":[{\"type\":\"column\",\"props\":{\"image_position\":\"center-center\",\"position_sticky_breakpoint\":\"m\",\"width_medium\":\"1-5\"},\"children\":[{\"type\":\"image\",\"props\":{\"class\":\"innericon\",\"image_svg_color\":\"emphasis\",\"image_width\":\"300\",\"margin\":\"default\"},\"source\":{\"query\":{\"name\":\"pages.customPage\",\"arguments\":{\"users\":[],\"users_operator\":\"IN\",\"offset\":0,\"order\":\"date\",\"order_direction\":\"DESC\",\"id\":558}},\"props\":{\"image\":{\"filters\":{\"search\":\"\"},\"name\":\"featuredImage.url\"}}}}]},{\"type\":\"column\",\"props\":{\"image_position\":\"center-center\",\"position_sticky_breakpoint\":\"m\",\"vertical_align\":\"middle\",\"width_medium\":\"4-5\"},\"children\":[{\"type\":\"text\",\"props\":{\"column_breakpoint\":\"m\",\"content\":\"\n\n<p>Bienvenue dans les salles d'\\u00e9vasion num\\u00e9riques GreenYOU ! Vous y trouverez des d\\u00e9fis interactifs con\\u00e7us pour stimuler votre esprit critique, votre capacit\\u00e9 \\u00e0 r\\u00e9soudre des probl\\u00e8mes, votre cr\\u00e9ativit\\u00e9 et vos comp\\u00e9tences en mati\\u00e8re de collaboration. Naviguez \\u00e0 travers des quiz et des \\u00e9nigmes pour approfondir votre compr\\u00e9hension du changement climatique et des carri\\u00e8res vertes. Chaque section propose des activit\\u00e9s attrayantes pour am\\u00e9liorer vos connaissances et votre employabilit\\u00e9.<\\\/p>\",\"margin\":\"default\",\"text_style\":\"lead\"}}]}]}]},{\"type\":\"section\",\"props\":{\"animation\":\"slide-left-small\",\"animation_delay\":\"400\",\"image_position\":\"center-center\",\"padding\":\"xsmall\",\"style\":\"default\",\"title_breakpoint\":\"xl\",\"title_position\":\"top-left\",\"title_rotation\":\"left\",\"vertical_align\":\"\",\"width\":\"default\"},\"children\":[{\"type\":\"row\",\"children\":[{\"type\":\"column\",\"props\":{\"image_position\":\"center-center\",\"position_sticky_breakpoint\":\"m\"},\"children\":[{\"type\":\"headline\",\"props\":{\"content\":\"Salle d'\\u00e9vasion 1\",\"title_color\":\"primary\",\"title_element\":\"h3\"},\"name\":\"1\"},{\"type\":\"button\",\"props\":{\"class\":\"er-btn\",\"grid_column_gap\":\"small\",\"grid_row_gap\":\"small\",\"margin\":\"default\"},\"children\":[{\"type\":\"button_item\",\"props\":{\"button_style\":\"primary\",\"content\":\"Afficher en plein \\u00e9cran\",\"dialog_layout\":\"modal\",\"dialog_offcanvas_flip\":true,\"icon_align\":\"left\",\"link\":\"https:\\\/\\\/project-spaces.eu\\\/learningcontent\\\/greenyou\\\/escaperoom1\\\/story.html\",\"link_target\":\"blank\"}}]},{\"type\":\"html\",\"props\":{\"content\":\"<iframe src=\\\"https:\\\/\\\/project-spaces.eu\\\/learningcontent\\\/greenyou\\\/escaperoom1\\\/story.html\\\" width=\\\"100%\\\" height=\\\"500\\\" frameborder=\\\"0\\\" allowfullscreen><\\\/iframe>\"}}]}],\"props\":{\"margin_remove_bottom\":false}},{\"type\":\"row\",\"children\":[{\"type\":\"column\",\"props\":{\"image_position\":\"center-center\",\"position_sticky_breakpoint\":\"m\"},\"children\":[{\"type\":\"headline\",\"props\":{\"content\":\"Salle d'\\u00e9vasion 2\",\"title_color\":\"primary\",\"title_element\":\"h3\"},\"name\":\"2\"},{\"type\":\"button\",\"props\":{\"class\":\"er-btn\",\"grid_column_gap\":\"small\",\"grid_row_gap\":\"small\",\"margin\":\"default\"},\"children\":[{\"type\":\"button_item\",\"props\":{\"button_style\":\"primary\",\"content\":\"Afficher en plein \\u00e9cran\",\"dialog_layout\":\"modal\",\"dialog_offcanvas_flip\":true,\"icon_align\":\"left\",\"link\":\"https:\\\/\\\/project-spaces.eu\\\/learningcontent\\\/greenyou\\\/escaperoom2\\\/story.html\",\"link_target\":\"blank\"}}]},{\"type\":\"html\",\"props\":{\"content\":\"<iframe src=\\\"https:\\\/\\\/project-spaces.eu\\\/learningcontent\\\/greenyou\\\/escaperoom2\\\/story.html\\\" width=\\\"100%\\\" height=\\\"500\\\" frameborder=\\\"0\\\" allowfullscreen><\\\/iframe>\"}}]}]},{\"type\":\"row\",\"children\":[{\"type\":\"column\",\"props\":{\"image_position\":\"center-center\",\"position_sticky_breakpoint\":\"m\"},\"children\":[{\"type\":\"headline\",\"props\":{\"content\":\"Salle d'\\u00e9vasion 3\",\"title_color\":\"primary\",\"title_element\":\"h3\"},\"name\":\"3\"},{\"type\":\"button\",\"props\":{\"class\":\"er-btn\",\"grid_column_gap\":\"small\",\"grid_row_gap\":\"small\",\"margin\":\"default\"},\"children\":[{\"type\":\"button_item\",\"props\":{\"button_style\":\"primary\",\"content\":\"Afficher en plein \\u00e9cran\",\"dialog_layout\":\"modal\",\"dialog_offcanvas_flip\":true,\"icon_align\":\"left\",\"link\":\"https:\\\/\\\/project-spaces.eu\\\/learningcontent\\\/greenyou\\\/escaperoom3\\\/story.html\",\"link_target\":\"blank\"}}]},{\"type\":\"html\",\"props\":{\"content\":\"<iframe src=\\\"https:\\\/\\\/project-spaces.eu\\\/learningcontent\\\/greenyou\\\/escaperoom3\\\/story.html\\\" width=\\\"100%\\\" height=\\\"500\\\" frameborder=\\\"0\\\" allowfullscreen><\\\/iframe>\"}}]}]},{\"type\":\"row\",\"children\":[{\"type\":\"column\",\"props\":{\"image_position\":\"center-center\",\"position_sticky_breakpoint\":\"m\"},\"children\":[{\"type\":\"headline\",\"props\":{\"content\":\"Salle d'\\u00e9vasion 4\",\"title_color\":\"primary\",\"title_element\":\"h3\"},\"name\":\"4\"},{\"type\":\"button\",\"props\":{\"class\":\"er-btn\",\"grid_column_gap\":\"small\",\"grid_row_gap\":\"small\",\"margin\":\"default\"},\"children\":[{\"type\":\"button_item\",\"props\":{\"button_style\":\"primary\",\"content\":\"Afficher en plein \\u00e9cran\",\"dialog_layout\":\"modal\",\"dialog_offcanvas_flip\":true,\"icon_align\":\"left\",\"link\":\"https:\\\/\\\/project-spaces.eu\\\/learningcontent\\\/greenyou\\\/escaperoom4\\\/story.html\",\"link_target\":\"blank\"}}]},{\"type\":\"html\",\"props\":{\"content\":\"<iframe src=\\\"https:\\\/\\\/project-spaces.eu\\\/learningcontent\\\/greenyou\\\/escaperoom4\\\/story.html\\\" width=\\\"100%\\\" height=\\\"500\\\" frameborder=\\\"0\\\" allowfullscreen><\\\/iframe>\"}}]}]},{\"type\":\"row\",\"children\":[{\"type\":\"column\",\"props\":{\"image_position\":\"center-center\",\"position_sticky_breakpoint\":\"m\"},\"children\":[{\"type\":\"headline\",\"props\":{\"content\":\"Salle d'\\u00e9vasion 5\",\"title_color\":\"primary\",\"title_element\":\"h3\"},\"name\":\"5\"},{\"type\":\"button\",\"props\":{\"class\":\"er-btn\",\"grid_column_gap\":\"small\",\"grid_row_gap\":\"small\",\"margin\":\"default\"},\"children\":[{\"type\":\"button_item\",\"props\":{\"button_style\":\"primary\",\"content\":\"Afficher en plein \\u00e9cran\",\"dialog_layout\":\"modal\",\"dialog_offcanvas_flip\":true,\"icon_align\":\"left\",\"link\":\"https:\\\/\\\/project-spaces.eu\\\/learningcontent\\\/greenyou\\\/escaperoom5\\\/story.html\",\"link_target\":\"blank\"}}]},{\"type\":\"html\",\"props\":{\"content\":\"<iframe src=\\\"https:\\\/\\\/project-spaces.eu\\\/learningcontent\\\/greenyou\\\/escaperoom5\\\/story.html\\\" width=\\\"100%\\\" height=\\\"500\\\" frameborder=\\\"0\\\" allowfullscreen><\\\/iframe>\"}}]}]},{\"type\":\"row\",\"children\":[{\"type\":\"column\",\"props\":{\"image_position\":\"center-center\",\"position_sticky_breakpoint\":\"m\"},\"children\":[{\"type\":\"headline\",\"props\":{\"content\":\"Salle d'\\u00e9vasion 6\",\"title_color\":\"primary\",\"title_element\":\"h3\"},\"name\":\"6\"},{\"type\":\"button\",\"props\":{\"class\":\"er-btn\",\"grid_column_gap\":\"small\",\"grid_row_gap\":\"small\",\"margin\":\"default\"},\"children\":[{\"type\":\"button_item\",\"props\":{\"button_style\":\"primary\",\"content\":\"Afficher en plein \\u00e9cran\",\"dialog_layout\":\"modal\",\"dialog_offcanvas_flip\":true,\"icon_align\":\"left\",\"link\":\"https:\\\/\\\/project-spaces.eu\\\/learningcontent\\\/greenyou\\\/escaperoom6\\\/story.html\",\"link_target\":\"blank\"}}]},{\"type\":\"html\",\"props\":{\"content\":\"<iframe src=\\\"https:\\\/\\\/project-spaces.eu\\\/learningcontent\\\/greenyou\\\/escaperoom6\\\/story.html\\\" width=\\\"100%\\\" height=\\\"500\\\" frameborder=\\\"0\\\" allowfullscreen><\\\/iframe>\"}}]}]},{\"type\":\"row\",\"children\":[{\"type\":\"column\",\"props\":{\"image_position\":\"center-center\",\"position_sticky_breakpoint\":\"m\"},\"children\":[{\"type\":\"totop\",\"props\":{\"margin\":\"default\",\"text_align\":\"center\",\"title\":\"Retour en haut\",\"title_grid_column_gap\":\"small\",\"title_grid_row_gap\":\"small\",\"title_style\":\"small\"}}]}]}]}],\"version\":\"4.5.4\"} --><\/p>\n","protected":false},"excerpt":{"rendered":"<p>Bienvenue dans les salles d&rsquo;\u00e9vasion num\u00e9riques GreenYOU ! Vous y trouverez des d\u00e9fis interactifs con\u00e7us pour stimuler votre esprit critique, votre capacit\u00e9 \u00e0 r\u00e9soudre des..<\/p>\n","protected":false},"author":1,"featured_media":778,"parent":1200,"menu_order":0,"comment_status":"closed","ping_status":"closed","template":"","meta":{"_acf_changed":false,"footnotes":""},"class_list":["post-1208","page","type-page","status-publish","has-post-thumbnail","hentry"],"acf":[],"_links":{"self":[{"href":"https:\/\/www.elearning.greenyouproject.eu\/fr\/wp-json\/wp\/v2\/pages\/1208","targetHints":{"allow":["GET"]}}],"collection":[{"href":"https:\/\/www.elearning.greenyouproject.eu\/fr\/wp-json\/wp\/v2\/pages"}],"about":[{"href":"https:\/\/www.elearning.greenyouproject.eu\/fr\/wp-json\/wp\/v2\/types\/page"}],"author":[{"embeddable":true,"href":"https:\/\/www.elearning.greenyouproject.eu\/fr\/wp-json\/wp\/v2\/users\/1"}],"replies":[{"embeddable":true,"href":"https:\/\/www.elearning.greenyouproject.eu\/fr\/wp-json\/wp\/v2\/comments?post=1208"}],"version-history":[{"count":26,"href":"https:\/\/www.elearning.greenyouproject.eu\/fr\/wp-json\/wp\/v2\/pages\/1208\/revisions"}],"predecessor-version":[{"id":1937,"href":"https:\/\/www.elearning.greenyouproject.eu\/fr\/wp-json\/wp\/v2\/pages\/1208\/revisions\/1937"}],"up":[{"embeddable":true,"href":"https:\/\/www.elearning.greenyouproject.eu\/fr\/wp-json\/wp\/v2\/pages\/1200"}],"wp:featuredmedia":[{"embeddable":true,"href":"https:\/\/www.elearning.greenyouproject.eu\/fr\/wp-json\/wp\/v2\/media\/778"}],"wp:attachment":[{"href":"https:\/\/www.elearning.greenyouproject.eu\/fr\/wp-json\/wp\/v2\/media?parent=1208"}],"curies":[{"name":"wp","href":"https:\/\/api.w.org\/{rel}","templated":true}]}}