{"id":1210,"date":"2024-04-30T14:48:06","date_gmt":"2024-04-30T12:48:06","guid":{"rendered":"https:\/\/www.elearning.greenyouproject.eu\/youth\/escape-rooms\/"},"modified":"2025-02-18T11:06:51","modified_gmt":"2025-02-18T09:06:51","slug":"escape-rooms","status":"publish","type":"page","link":"https:\/\/www.elearning.greenyouproject.eu\/lt\/youth\/escape-rooms\/","title":{"rendered":"Pab\u0117gimo kambariai"},"content":{"rendered":"<div>\n<p>Sveiki atvyk\u0119 \u012f \u201eGreenYOU\u201c skaitmeninius pab\u0117gimo kambarius! \u010cia rasite interaktyvi\u0173 i\u0161\u0161\u016bki\u0173, skirt\u0173 kritiniam m\u0105stymui, problem\u0173 sprendimui, k\u016brybi\u0161kumui ir bendradarbiavimo \u012fg\u016bd\u017eiams ugdyti. \u012eveikite viktorinas ir m\u012fsles, kad geriau suprastum\u0117te klimato kait\u0105 ir \u017eali\u0105j\u0105 karjer\u0105. Kiekviename skyriuje si\u016bloma \u012ftraukian\u010di\u0173 u\u017eduo\u010di\u0173, kurios pad\u0117s pagilinti j\u016bs\u0173 \u017einias ir padidinti \u012fsidarbinimo galimybes.<\/p>\n<\/div>\n<h3>Pab\u0117gimo kambaria 1<\/h3>\n<p><p>\n        <a href=\"https:\/\/project-spaces.eu\/learningcontent\/greenyou\/escaperoom1\/story.html\">Per\u017ei\u016br\u0117ti per vis\u0105 ekran\u0105<\/a>\n    <\/p>\n<\/p>\n<div>\n<p>    <iframe loading=\"lazy\" src=\"https:\/\/project-spaces.eu\/learningcontent\/greenyou\/escaperoom1\/story.html\" width=\"100%\" height=\"500\" frameborder=\"0\" allowfullscreen><\/iframe>\n<\/div>\n<h3>Pab\u0117gimo kambaria 2<\/h3>\n<p><p>\n        <a href=\"https:\/\/project-spaces.eu\/learningcontent\/greenyou\/escaperoom2\/story.html\">Per\u017ei\u016br\u0117ti per vis\u0105 ekran\u0105<\/a>\n    <\/p>\n<\/p>\n<div>\n<p>    <iframe loading=\"lazy\" src=\"https:\/\/project-spaces.eu\/learningcontent\/greenyou\/escaperoom2\/story.html\" width=\"100%\" height=\"500\" frameborder=\"0\" allowfullscreen><\/iframe>\n<\/div>\n<h3>Pab\u0117gimo kambaria 3<\/h3>\n<p><p>\n        <a href=\"https:\/\/project-spaces.eu\/learningcontent\/greenyou\/escaperoom3\/story.html\">Per\u017ei\u016br\u0117ti per vis\u0105 ekran\u0105<\/a>\n    <\/p>\n<\/p>\n<div>\n<p>    <iframe loading=\"lazy\" src=\"https:\/\/project-spaces.eu\/learningcontent\/greenyou\/escaperoom3\/story.html\" width=\"100%\" height=\"500\" frameborder=\"0\" allowfullscreen><\/iframe>\n<\/div>\n<h3>Pab\u0117gimo kambaria 4<\/h3>\n<p><p>\n        <a href=\"https:\/\/project-spaces.eu\/learningcontent\/greenyou\/escaperoom4\/story.html\">Per\u017ei\u016br\u0117ti per vis\u0105 ekran\u0105<\/a>\n    <\/p>\n<\/p>\n<div>\n<p>    <iframe loading=\"lazy\" src=\"https:\/\/project-spaces.eu\/learningcontent\/greenyou\/escaperoom4\/story.html\" width=\"100%\" height=\"500\" frameborder=\"0\" allowfullscreen><\/iframe>\n<\/div>\n<h3>Pab\u0117gimo kambaria 5<\/h3>\n<p><p>\n        <a href=\"https:\/\/project-spaces.eu\/learningcontent\/greenyou\/escaperoom5\/story.html\">Per\u017ei\u016br\u0117ti per vis\u0105 ekran\u0105<\/a>\n    <\/p>\n<\/p>\n<div>\n<p>    <iframe loading=\"lazy\" src=\"https:\/\/project-spaces.eu\/learningcontent\/greenyou\/escaperoom5\/story.html\" width=\"100%\" height=\"500\" frameborder=\"0\" allowfullscreen><\/iframe>\n<\/div>\n<h3>Pab\u0117gimo kambaria 6<\/h3>\n<p><p>\n        <a href=\"https:\/\/project-spaces.eu\/learningcontent\/greenyou\/escaperoom6\/story.html\">Per\u017ei\u016br\u0117ti per vis\u0105 ekran\u0105<\/a>\n    <\/p>\n<\/p>\n<div>\n<p>    <iframe loading=\"lazy\" src=\"https:\/\/project-spaces.eu\/learningcontent\/greenyou\/escaperoom6\/story.html\" width=\"100%\" height=\"500\" frameborder=\"0\" allowfullscreen><\/iframe>\n<\/div>\n<p><!--more--><br \/>\n<!-- {\"type\":\"layout\",\"children\":[{\"type\":\"section\",\"props\":{\"animation\":\"scale-up\",\"animation_delay\":\"200\",\"image_position\":\"center-center\",\"style\":\"default\",\"title_breakpoint\":\"xl\",\"title_position\":\"top-left\",\"title_rotation\":\"left\",\"vertical_align\":\"\",\"width\":\"default\"},\"children\":[{\"type\":\"row\",\"children\":[{\"type\":\"column\",\"props\":{\"image_position\":\"center-center\",\"position_sticky_breakpoint\":\"m\"},\"children\":[{\"type\":\"breadcrumbs\",\"props\":{\"show_current\":true,\"show_home\":true}},{\"type\":\"headline\",\"props\":{\"margin\":\"default\",\"title_color\":\"success\",\"title_element\":\"h1\"},\"source\":{\"query\":{\"name\":\"pages.singlePage\"},\"props\":{\"content\":{\"filters\":{\"search\":\"\"},\"name\":\"title\"}}}}]}]},{\"type\":\"row\",\"props\":{\"layout\":\"1-5,4-5\"},\"children\":[{\"type\":\"column\",\"props\":{\"image_position\":\"center-center\",\"position_sticky_breakpoint\":\"m\",\"width_medium\":\"1-5\"},\"children\":[{\"type\":\"image\",\"props\":{\"class\":\"innericon\",\"image_svg_color\":\"emphasis\",\"image_width\":\"300\",\"margin\":\"default\"},\"source\":{\"query\":{\"name\":\"pages.customPage\",\"arguments\":{\"users\":[],\"users_operator\":\"IN\",\"offset\":0,\"order\":\"date\",\"order_direction\":\"DESC\",\"id\":558}},\"props\":{\"image\":{\"filters\":{\"search\":\"\"},\"name\":\"featuredImage.url\"}}}}]},{\"type\":\"column\",\"props\":{\"image_position\":\"center-center\",\"position_sticky_breakpoint\":\"m\",\"vertical_align\":\"middle\",\"width_medium\":\"4-5\"},\"children\":[{\"type\":\"text\",\"props\":{\"column_breakpoint\":\"m\",\"content\":\"\n\n<p>Sveiki atvyk\\u0119 \\u012f \\u201eGreenYOU\\u201c skaitmeninius pab\\u0117gimo kambarius! \\u010cia rasite interaktyvi\\u0173 i\\u0161\\u0161\\u016bki\\u0173, skirt\\u0173 kritiniam m\\u0105stymui, problem\\u0173 sprendimui, k\\u016brybi\\u0161kumui ir bendradarbiavimo \\u012fg\\u016bd\\u017eiams ugdyti. \\u012eveikite viktorinas ir m\\u012fsles, kad geriau suprastum\\u0117te klimato kait\\u0105 ir \\u017eali\\u0105j\\u0105 karjer\\u0105. Kiekviename skyriuje si\\u016bloma \\u012ftraukian\\u010di\\u0173 u\\u017eduo\\u010di\\u0173, kurios pad\\u0117s pagilinti j\\u016bs\\u0173 \\u017einias ir padidinti \\u012fsidarbinimo galimybes.<\\\/p>\",\"margin\":\"default\",\"text_style\":\"lead\"}}]}]}]},{\"type\":\"section\",\"props\":{\"animation\":\"slide-left-small\",\"animation_delay\":\"400\",\"image_position\":\"center-center\",\"padding\":\"xsmall\",\"style\":\"default\",\"title_breakpoint\":\"xl\",\"title_position\":\"top-left\",\"title_rotation\":\"left\",\"vertical_align\":\"\",\"width\":\"default\"},\"children\":[{\"type\":\"row\",\"children\":[{\"type\":\"column\",\"props\":{\"image_position\":\"center-center\",\"position_sticky_breakpoint\":\"m\"},\"children\":[{\"type\":\"headline\",\"props\":{\"content\":\"Pab\\u0117gimo kambaria 1\",\"title_color\":\"primary\",\"title_element\":\"h3\"},\"name\":\"1\"},{\"type\":\"button\",\"props\":{\"class\":\"er-btn\",\"grid_column_gap\":\"small\",\"grid_row_gap\":\"small\",\"margin\":\"default\"},\"children\":[{\"type\":\"button_item\",\"props\":{\"button_style\":\"primary\",\"content\":\"Per\\u017ei\\u016br\\u0117ti per vis\\u0105 ekran\\u0105\",\"dialog_layout\":\"modal\",\"dialog_offcanvas_flip\":true,\"icon_align\":\"left\",\"link\":\"https:\\\/\\\/project-spaces.eu\\\/learningcontent\\\/greenyou\\\/escaperoom1\\\/story.html\",\"link_target\":\"blank\"}}]},{\"type\":\"html\",\"props\":{\"content\":\"<iframe src=\\\"https:\\\/\\\/project-spaces.eu\\\/learningcontent\\\/greenyou\\\/escaperoom1\\\/story.html\\\" width=\\\"100%\\\" height=\\\"500\\\" frameborder=\\\"0\\\" allowfullscreen><\\\/iframe>\"}}]}],\"props\":{\"margin_remove_bottom\":false}},{\"type\":\"row\",\"children\":[{\"type\":\"column\",\"props\":{\"image_position\":\"center-center\",\"position_sticky_breakpoint\":\"m\"},\"children\":[{\"type\":\"headline\",\"props\":{\"content\":\"Pab\\u0117gimo kambaria 2\",\"title_color\":\"primary\",\"title_element\":\"h3\"},\"name\":\"2\"},{\"type\":\"button\",\"props\":{\"class\":\"er-btn\",\"grid_column_gap\":\"small\",\"grid_row_gap\":\"small\",\"margin\":\"default\"},\"children\":[{\"type\":\"button_item\",\"props\":{\"button_style\":\"primary\",\"content\":\"Per\\u017ei\\u016br\\u0117ti per vis\\u0105 ekran\\u0105\",\"dialog_layout\":\"modal\",\"dialog_offcanvas_flip\":true,\"icon_align\":\"left\",\"link\":\"https:\\\/\\\/project-spaces.eu\\\/learningcontent\\\/greenyou\\\/escaperoom2\\\/story.html\",\"link_target\":\"blank\"}}]},{\"type\":\"html\",\"props\":{\"content\":\"<iframe src=\\\"https:\\\/\\\/project-spaces.eu\\\/learningcontent\\\/greenyou\\\/escaperoom2\\\/story.html\\\" width=\\\"100%\\\" height=\\\"500\\\" frameborder=\\\"0\\\" allowfullscreen><\\\/iframe>\"}}]}]},{\"type\":\"row\",\"children\":[{\"type\":\"column\",\"props\":{\"image_position\":\"center-center\",\"position_sticky_breakpoint\":\"m\"},\"children\":[{\"type\":\"headline\",\"props\":{\"content\":\"Pab\\u0117gimo kambaria 3\",\"title_color\":\"primary\",\"title_element\":\"h3\"},\"name\":\"3\"},{\"type\":\"button\",\"props\":{\"class\":\"er-btn\",\"grid_column_gap\":\"small\",\"grid_row_gap\":\"small\",\"margin\":\"default\"},\"children\":[{\"type\":\"button_item\",\"props\":{\"button_style\":\"primary\",\"content\":\"Per\\u017ei\\u016br\\u0117ti per vis\\u0105 ekran\\u0105\",\"dialog_layout\":\"modal\",\"dialog_offcanvas_flip\":true,\"icon_align\":\"left\",\"link\":\"https:\\\/\\\/project-spaces.eu\\\/learningcontent\\\/greenyou\\\/escaperoom3\\\/story.html\",\"link_target\":\"blank\"}}]},{\"type\":\"html\",\"props\":{\"content\":\"<iframe src=\\\"https:\\\/\\\/project-spaces.eu\\\/learningcontent\\\/greenyou\\\/escaperoom3\\\/story.html\\\" width=\\\"100%\\\" height=\\\"500\\\" frameborder=\\\"0\\\" allowfullscreen><\\\/iframe>\"}}]}]},{\"type\":\"row\",\"children\":[{\"type\":\"column\",\"props\":{\"image_position\":\"center-center\",\"position_sticky_breakpoint\":\"m\"},\"children\":[{\"type\":\"headline\",\"props\":{\"content\":\"Pab\\u0117gimo kambaria 4\",\"title_color\":\"primary\",\"title_element\":\"h3\"},\"name\":\"4\"},{\"type\":\"button\",\"props\":{\"class\":\"er-btn\",\"grid_column_gap\":\"small\",\"grid_row_gap\":\"small\",\"margin\":\"default\"},\"children\":[{\"type\":\"button_item\",\"props\":{\"button_style\":\"primary\",\"content\":\"Per\\u017ei\\u016br\\u0117ti per vis\\u0105 ekran\\u0105\",\"dialog_layout\":\"modal\",\"dialog_offcanvas_flip\":true,\"icon_align\":\"left\",\"link\":\"https:\\\/\\\/project-spaces.eu\\\/learningcontent\\\/greenyou\\\/escaperoom4\\\/story.html\",\"link_target\":\"blank\"}}]},{\"type\":\"html\",\"props\":{\"content\":\"<iframe src=\\\"https:\\\/\\\/project-spaces.eu\\\/learningcontent\\\/greenyou\\\/escaperoom4\\\/story.html\\\" width=\\\"100%\\\" height=\\\"500\\\" frameborder=\\\"0\\\" allowfullscreen><\\\/iframe>\"}}]}]},{\"type\":\"row\",\"children\":[{\"type\":\"column\",\"props\":{\"image_position\":\"center-center\",\"position_sticky_breakpoint\":\"m\"},\"children\":[{\"type\":\"headline\",\"props\":{\"content\":\"Pab\\u0117gimo kambaria 5\",\"title_color\":\"primary\",\"title_element\":\"h3\"},\"name\":\"5\"},{\"type\":\"button\",\"props\":{\"class\":\"er-btn\",\"grid_column_gap\":\"small\",\"grid_row_gap\":\"small\",\"margin\":\"default\"},\"children\":[{\"type\":\"button_item\",\"props\":{\"button_style\":\"primary\",\"content\":\"Per\\u017ei\\u016br\\u0117ti per vis\\u0105 ekran\\u0105\",\"dialog_layout\":\"modal\",\"dialog_offcanvas_flip\":true,\"icon_align\":\"left\",\"link\":\"https:\\\/\\\/project-spaces.eu\\\/learningcontent\\\/greenyou\\\/escaperoom5\\\/story.html\",\"link_target\":\"blank\"}}]},{\"type\":\"html\",\"props\":{\"content\":\"<iframe src=\\\"https:\\\/\\\/project-spaces.eu\\\/learningcontent\\\/greenyou\\\/escaperoom5\\\/story.html\\\" width=\\\"100%\\\" height=\\\"500\\\" frameborder=\\\"0\\\" allowfullscreen><\\\/iframe>\"}}]}]},{\"type\":\"row\",\"children\":[{\"type\":\"column\",\"props\":{\"image_position\":\"center-center\",\"position_sticky_breakpoint\":\"m\"},\"children\":[{\"type\":\"headline\",\"props\":{\"content\":\"Pab\\u0117gimo kambaria 6\",\"title_color\":\"primary\",\"title_element\":\"h3\"},\"name\":\"6\"},{\"type\":\"button\",\"props\":{\"class\":\"er-btn\",\"grid_column_gap\":\"small\",\"grid_row_gap\":\"small\",\"margin\":\"default\"},\"children\":[{\"type\":\"button_item\",\"props\":{\"button_style\":\"primary\",\"content\":\"Per\\u017ei\\u016br\\u0117ti per vis\\u0105 ekran\\u0105\",\"dialog_layout\":\"modal\",\"dialog_offcanvas_flip\":true,\"icon_align\":\"left\",\"link\":\"https:\\\/\\\/project-spaces.eu\\\/learningcontent\\\/greenyou\\\/escaperoom6\\\/story.html\",\"link_target\":\"blank\"}}]},{\"type\":\"html\",\"props\":{\"content\":\"<iframe src=\\\"https:\\\/\\\/project-spaces.eu\\\/learningcontent\\\/greenyou\\\/escaperoom6\\\/story.html\\\" width=\\\"100%\\\" height=\\\"500\\\" frameborder=\\\"0\\\" allowfullscreen><\\\/iframe>\"}}]}]},{\"type\":\"row\",\"children\":[{\"type\":\"column\",\"props\":{\"image_position\":\"center-center\",\"position_sticky_breakpoint\":\"m\"},\"children\":[{\"type\":\"totop\",\"props\":{\"margin\":\"default\",\"text_align\":\"center\",\"title\":\"Atgal \\u012f vir\\u0161\\u0173\",\"title_grid_column_gap\":\"small\",\"title_grid_row_gap\":\"small\",\"title_style\":\"small\"}}]}]}]}],\"version\":\"4.5.4\"} --><\/p>\n","protected":false},"excerpt":{"rendered":"<p>Sveiki atvyk\u0119 \u012f \u201eGreenYOU\u201c skaitmeninius pab\u0117gimo kambarius! \u010cia rasite interaktyvi\u0173 i\u0161\u0161\u016bki\u0173, skirt\u0173 kritiniam m\u0105stymui, problem\u0173 sprendimui, k\u016brybi\u0161kumui ir bendradarbiavimo \u012fg\u016bd\u017eiams ugdyti. \u012eveikite viktorinas ir m\u012fsles,..<\/p>\n","protected":false},"author":1,"featured_media":780,"parent":1202,"menu_order":0,"comment_status":"closed","ping_status":"closed","template":"","meta":{"_acf_changed":false,"footnotes":""},"class_list":["post-1210","page","type-page","status-publish","has-post-thumbnail","hentry"],"acf":[],"_links":{"self":[{"href":"https:\/\/www.elearning.greenyouproject.eu\/lt\/wp-json\/wp\/v2\/pages\/1210","targetHints":{"allow":["GET"]}}],"collection":[{"href":"https:\/\/www.elearning.greenyouproject.eu\/lt\/wp-json\/wp\/v2\/pages"}],"about":[{"href":"https:\/\/www.elearning.greenyouproject.eu\/lt\/wp-json\/wp\/v2\/types\/page"}],"author":[{"embeddable":true,"href":"https:\/\/www.elearning.greenyouproject.eu\/lt\/wp-json\/wp\/v2\/users\/1"}],"replies":[{"embeddable":true,"href":"https:\/\/www.elearning.greenyouproject.eu\/lt\/wp-json\/wp\/v2\/comments?post=1210"}],"version-history":[{"count":25,"href":"https:\/\/www.elearning.greenyouproject.eu\/lt\/wp-json\/wp\/v2\/pages\/1210\/revisions"}],"predecessor-version":[{"id":1945,"href":"https:\/\/www.elearning.greenyouproject.eu\/lt\/wp-json\/wp\/v2\/pages\/1210\/revisions\/1945"}],"up":[{"embeddable":true,"href":"https:\/\/www.elearning.greenyouproject.eu\/lt\/wp-json\/wp\/v2\/pages\/1202"}],"wp:featuredmedia":[{"embeddable":true,"href":"https:\/\/www.elearning.greenyouproject.eu\/lt\/wp-json\/wp\/v2\/media\/780"}],"wp:attachment":[{"href":"https:\/\/www.elearning.greenyouproject.eu\/lt\/wp-json\/wp\/v2\/media?parent=1210"}],"curies":[{"name":"wp","href":"https:\/\/api.w.org\/{rel}","templated":true}]}}