{"id":1211,"date":"2024-04-30T14:48:06","date_gmt":"2024-04-30T12:48:06","guid":{"rendered":"https:\/\/www.elearning.greenyouproject.eu\/youth\/escape-rooms\/"},"modified":"2025-02-18T11:15:12","modified_gmt":"2025-02-18T09:15:12","slug":"escape-rooms","status":"publish","type":"page","link":"https:\/\/www.elearning.greenyouproject.eu\/pl\/youth\/escape-rooms\/","title":{"rendered":"Escape Rooms"},"content":{"rendered":"<div>\n<p>Witamy w GreenYOU Digital Escape Rooms! Tutaj znajdziesz interaktywne wyzwania zaprojektowane, aby zwi\u0119kszy\u0107 Twoje umiej\u0119tno\u015bci krytycznego my\u015blenia, rozwi\u0105zywania problem\u00f3w, kreatywno\u015bci i wsp\u00f3\u0142pracy. Przejd\u017a przez quizy i zagadki, aby pog\u0142\u0119bi\u0107 swoje zrozumienie zmian klimatycznych i zielonych karier. Ka\u017cda sekcja oferuje anga\u017cuj\u0105ce zaj\u0119cia, kt\u00f3re poszerz\u0105 Twoj\u0105 wiedz\u0119 i szanse na zatrudnienie.<\/p>\n<\/div>\n<h3>Escape room 1<\/h3>\n<p><p>\n        <a href=\"https:\/\/project-spaces.eu\/learningcontent\/greenyou\/escaperoom1\/story.html\">Wy\u015bwietl na pe\u0142nym ekranie<\/a>\n    <\/p>\n<\/p>\n<div>\n<p>    <iframe loading=\"lazy\" src=\"https:\/\/project-spaces.eu\/learningcontent\/greenyou\/escaperoom1\/story.html\" width=\"100%\" height=\"500\" frameborder=\"0\" allowfullscreen><\/iframe>\n<\/div>\n<h3>Escape room 2<\/h3>\n<p><p>\n        <a href=\"https:\/\/project-spaces.eu\/learningcontent\/greenyou\/escaperoom2\/story.html\">Wy\u015bwietl na pe\u0142nym ekranie<\/a>\n    <\/p>\n<\/p>\n<div>\n<p>    <iframe loading=\"lazy\" src=\"https:\/\/project-spaces.eu\/learningcontent\/greenyou\/escaperoom2\/story.html\" width=\"100%\" height=\"500\" frameborder=\"0\" allowfullscreen><\/iframe>\n<\/div>\n<h3>Escape room 3<\/h3>\n<p><p>\n        <a href=\"https:\/\/project-spaces.eu\/learningcontent\/greenyou\/escaperoom3\/story.html\">Wy\u015bwietl na pe\u0142nym ekranie<\/a>\n    <\/p>\n<\/p>\n<div>\n<p>    <iframe loading=\"lazy\" src=\"https:\/\/project-spaces.eu\/learningcontent\/greenyou\/escaperoom3\/story.html\" width=\"100%\" height=\"500\" frameborder=\"0\" allowfullscreen><\/iframe>\n<\/div>\n<h3>Escape room 4<\/h3>\n<p><p>\n        <a href=\"https:\/\/project-spaces.eu\/learningcontent\/greenyou\/escaperoom4\/story.html\">Wy\u015bwietl na pe\u0142nym ekranie<\/a>\n    <\/p>\n<\/p>\n<div>\n<p>    <iframe loading=\"lazy\" src=\"https:\/\/project-spaces.eu\/learningcontent\/greenyou\/escaperoom4\/story.html\" width=\"100%\" height=\"500\" frameborder=\"0\" allowfullscreen><\/iframe>\n<\/div>\n<h3>Escape room 5<\/h3>\n<p><p>\n        <a href=\"https:\/\/project-spaces.eu\/learningcontent\/greenyou\/escaperoom5\/story.html\">Wy\u015bwietl na pe\u0142nym ekranie<\/a>\n    <\/p>\n<\/p>\n<div>\n<p>    <iframe loading=\"lazy\" src=\"https:\/\/project-spaces.eu\/learningcontent\/greenyou\/escaperoom5\/story.html\" width=\"100%\" height=\"500\" frameborder=\"0\" allowfullscreen><\/iframe>\n<\/div>\n<h3>Escape room 6<\/h3>\n<p><p>\n        <a href=\"https:\/\/project-spaces.eu\/learningcontent\/greenyou\/escaperoom6\/story.html\">Wy\u015bwietl na pe\u0142nym ekranie<\/a>\n    <\/p>\n<\/p>\n<div>\n<p>    <iframe loading=\"lazy\" src=\"https:\/\/project-spaces.eu\/learningcontent\/greenyou\/escaperoom6\/story.html\" width=\"100%\" height=\"500\" frameborder=\"0\" allowfullscreen><\/iframe>\n<\/div>\n<p><!--more--><br \/>\n<!-- {\"type\":\"layout\",\"children\":[{\"type\":\"section\",\"props\":{\"animation\":\"scale-up\",\"animation_delay\":\"200\",\"image_position\":\"center-center\",\"style\":\"default\",\"title_breakpoint\":\"xl\",\"title_position\":\"top-left\",\"title_rotation\":\"left\",\"vertical_align\":\"\",\"width\":\"default\"},\"children\":[{\"type\":\"row\",\"children\":[{\"type\":\"column\",\"props\":{\"image_position\":\"center-center\",\"position_sticky_breakpoint\":\"m\"},\"children\":[{\"type\":\"breadcrumbs\",\"props\":{\"show_current\":true,\"show_home\":true}},{\"type\":\"headline\",\"props\":{\"margin\":\"default\",\"title_color\":\"success\",\"title_element\":\"h1\"},\"source\":{\"query\":{\"name\":\"pages.singlePage\"},\"props\":{\"content\":{\"filters\":{\"search\":\"\"},\"name\":\"title\"}}}}]}]},{\"type\":\"row\",\"props\":{\"layout\":\"1-5,4-5\"},\"children\":[{\"type\":\"column\",\"props\":{\"image_position\":\"center-center\",\"position_sticky_breakpoint\":\"m\",\"width_medium\":\"1-5\"},\"children\":[{\"type\":\"image\",\"props\":{\"class\":\"innericon\",\"image_svg_color\":\"emphasis\",\"image_width\":\"300\",\"margin\":\"default\"},\"source\":{\"query\":{\"name\":\"pages.customPage\",\"arguments\":{\"users\":[],\"users_operator\":\"IN\",\"offset\":0,\"order\":\"date\",\"order_direction\":\"DESC\",\"id\":558}},\"props\":{\"image\":{\"filters\":{\"search\":\"\"},\"name\":\"featuredImage.url\"}}}}]},{\"type\":\"column\",\"props\":{\"image_position\":\"center-center\",\"position_sticky_breakpoint\":\"m\",\"vertical_align\":\"middle\",\"width_medium\":\"4-5\"},\"children\":[{\"type\":\"text\",\"props\":{\"column_breakpoint\":\"m\",\"content\":\"\n\n<p>Witamy w GreenYOU Digital Escape Rooms! Tutaj znajdziesz interaktywne wyzwania zaprojektowane, aby zwi\\u0119kszy\\u0107 Twoje umiej\\u0119tno\\u015bci krytycznego my\\u015blenia, rozwi\\u0105zywania problem\\u00f3w, kreatywno\\u015bci i wsp\\u00f3\\u0142pracy. Przejd\\u017a przez quizy i zagadki, aby pog\\u0142\\u0119bi\\u0107 swoje zrozumienie zmian klimatycznych i zielonych karier. Ka\\u017cda sekcja oferuje anga\\u017cuj\\u0105ce zaj\\u0119cia, kt\\u00f3re poszerz\\u0105 Twoj\\u0105 wiedz\\u0119 i szanse na zatrudnienie.<\\\/p>\",\"margin\":\"default\",\"text_style\":\"lead\"}}]}]}]},{\"type\":\"section\",\"props\":{\"animation\":\"slide-left-small\",\"animation_delay\":\"400\",\"image_position\":\"center-center\",\"padding\":\"xsmall\",\"style\":\"default\",\"title_breakpoint\":\"xl\",\"title_position\":\"top-left\",\"title_rotation\":\"left\",\"vertical_align\":\"\",\"width\":\"default\"},\"children\":[{\"type\":\"row\",\"children\":[{\"type\":\"column\",\"props\":{\"image_position\":\"center-center\",\"position_sticky_breakpoint\":\"m\"},\"children\":[{\"type\":\"headline\",\"props\":{\"content\":\"Escape room 1\",\"title_color\":\"primary\",\"title_element\":\"h3\"},\"name\":\"1\"},{\"type\":\"button\",\"props\":{\"class\":\"er-btn\",\"grid_column_gap\":\"small\",\"grid_row_gap\":\"small\",\"margin\":\"default\"},\"children\":[{\"type\":\"button_item\",\"props\":{\"button_style\":\"primary\",\"content\":\"Wy\\u015bwietl na pe\\u0142nym ekranie\",\"dialog_layout\":\"modal\",\"dialog_offcanvas_flip\":true,\"icon_align\":\"left\",\"link\":\"https:\\\/\\\/project-spaces.eu\\\/learningcontent\\\/greenyou\\\/escaperoom1\\\/story.html\",\"link_target\":\"blank\"}}]},{\"type\":\"html\",\"props\":{\"content\":\"<iframe src=\\\"https:\\\/\\\/project-spaces.eu\\\/learningcontent\\\/greenyou\\\/escaperoom1\\\/story.html\\\" width=\\\"100%\\\" height=\\\"500\\\" frameborder=\\\"0\\\" allowfullscreen><\\\/iframe>\"}}]}],\"props\":{\"margin_remove_bottom\":false}},{\"type\":\"row\",\"children\":[{\"type\":\"column\",\"props\":{\"image_position\":\"center-center\",\"position_sticky_breakpoint\":\"m\"},\"children\":[{\"type\":\"headline\",\"props\":{\"content\":\"Escape room 2\",\"title_color\":\"primary\",\"title_element\":\"h3\"},\"name\":\"2\"},{\"type\":\"button\",\"props\":{\"class\":\"er-btn\",\"grid_column_gap\":\"small\",\"grid_row_gap\":\"small\",\"margin\":\"default\"},\"children\":[{\"type\":\"button_item\",\"props\":{\"button_style\":\"primary\",\"content\":\"Wy\\u015bwietl na pe\\u0142nym ekranie\",\"dialog_layout\":\"modal\",\"dialog_offcanvas_flip\":true,\"icon_align\":\"left\",\"link\":\"https:\\\/\\\/project-spaces.eu\\\/learningcontent\\\/greenyou\\\/escaperoom2\\\/story.html\",\"link_target\":\"blank\"}}]},{\"type\":\"html\",\"props\":{\"content\":\"<iframe src=\\\"https:\\\/\\\/project-spaces.eu\\\/learningcontent\\\/greenyou\\\/escaperoom2\\\/story.html\\\" width=\\\"100%\\\" height=\\\"500\\\" frameborder=\\\"0\\\" allowfullscreen><\\\/iframe>\"}}]}]},{\"type\":\"row\",\"children\":[{\"type\":\"column\",\"props\":{\"image_position\":\"center-center\",\"position_sticky_breakpoint\":\"m\"},\"children\":[{\"type\":\"headline\",\"props\":{\"content\":\"Escape room 3\",\"title_color\":\"primary\",\"title_element\":\"h3\"},\"name\":\"3\"},{\"type\":\"button\",\"props\":{\"class\":\"er-btn\",\"grid_column_gap\":\"small\",\"grid_row_gap\":\"small\",\"margin\":\"default\"},\"children\":[{\"type\":\"button_item\",\"props\":{\"button_style\":\"primary\",\"content\":\"Wy\\u015bwietl na pe\\u0142nym ekranie\",\"dialog_layout\":\"modal\",\"dialog_offcanvas_flip\":true,\"icon_align\":\"left\",\"link\":\"https:\\\/\\\/project-spaces.eu\\\/learningcontent\\\/greenyou\\\/escaperoom3\\\/story.html\",\"link_target\":\"blank\"}}]},{\"type\":\"html\",\"props\":{\"content\":\"<iframe src=\\\"https:\\\/\\\/project-spaces.eu\\\/learningcontent\\\/greenyou\\\/escaperoom3\\\/story.html\\\" width=\\\"100%\\\" height=\\\"500\\\" frameborder=\\\"0\\\" allowfullscreen><\\\/iframe>\"}}]}]},{\"type\":\"row\",\"children\":[{\"type\":\"column\",\"props\":{\"image_position\":\"center-center\",\"position_sticky_breakpoint\":\"m\"},\"children\":[{\"type\":\"headline\",\"props\":{\"content\":\"Escape room 4\",\"title_color\":\"primary\",\"title_element\":\"h3\"},\"name\":\"4\"},{\"type\":\"button\",\"props\":{\"class\":\"er-btn\",\"grid_column_gap\":\"small\",\"grid_row_gap\":\"small\",\"margin\":\"default\"},\"children\":[{\"type\":\"button_item\",\"props\":{\"button_style\":\"primary\",\"content\":\"Wy\\u015bwietl na pe\\u0142nym ekranie\",\"dialog_layout\":\"modal\",\"dialog_offcanvas_flip\":true,\"icon_align\":\"left\",\"link\":\"https:\\\/\\\/project-spaces.eu\\\/learningcontent\\\/greenyou\\\/escaperoom4\\\/story.html\",\"link_target\":\"blank\"}}]},{\"type\":\"html\",\"props\":{\"content\":\"<iframe src=\\\"https:\\\/\\\/project-spaces.eu\\\/learningcontent\\\/greenyou\\\/escaperoom4\\\/story.html\\\" width=\\\"100%\\\" height=\\\"500\\\" frameborder=\\\"0\\\" allowfullscreen><\\\/iframe>\"}}]}]},{\"type\":\"row\",\"children\":[{\"type\":\"column\",\"props\":{\"image_position\":\"center-center\",\"position_sticky_breakpoint\":\"m\"},\"children\":[{\"type\":\"headline\",\"props\":{\"content\":\"Escape room 5\",\"title_color\":\"primary\",\"title_element\":\"h3\"},\"name\":\"5\"},{\"type\":\"button\",\"props\":{\"class\":\"er-btn\",\"grid_column_gap\":\"small\",\"grid_row_gap\":\"small\",\"margin\":\"default\"},\"children\":[{\"type\":\"button_item\",\"props\":{\"button_style\":\"primary\",\"content\":\"Wy\\u015bwietl na pe\\u0142nym ekranie\",\"dialog_layout\":\"modal\",\"dialog_offcanvas_flip\":true,\"icon_align\":\"left\",\"link\":\"https:\\\/\\\/project-spaces.eu\\\/learningcontent\\\/greenyou\\\/escaperoom5\\\/story.html\",\"link_target\":\"blank\"}}]},{\"type\":\"html\",\"props\":{\"content\":\"<iframe src=\\\"https:\\\/\\\/project-spaces.eu\\\/learningcontent\\\/greenyou\\\/escaperoom5\\\/story.html\\\" width=\\\"100%\\\" height=\\\"500\\\" frameborder=\\\"0\\\" allowfullscreen><\\\/iframe>\"}}]}]},{\"type\":\"row\",\"children\":[{\"type\":\"column\",\"props\":{\"image_position\":\"center-center\",\"position_sticky_breakpoint\":\"m\"},\"children\":[{\"type\":\"headline\",\"props\":{\"content\":\"Escape room 6\",\"title_color\":\"primary\",\"title_element\":\"h3\"},\"name\":\"6\"},{\"type\":\"button\",\"props\":{\"class\":\"er-btn\",\"grid_column_gap\":\"small\",\"grid_row_gap\":\"small\",\"margin\":\"default\"},\"children\":[{\"type\":\"button_item\",\"props\":{\"button_style\":\"primary\",\"content\":\"Wy\\u015bwietl na pe\\u0142nym ekranie\",\"dialog_layout\":\"modal\",\"dialog_offcanvas_flip\":true,\"icon_align\":\"left\",\"link\":\"https:\\\/\\\/project-spaces.eu\\\/learningcontent\\\/greenyou\\\/escaperoom6\\\/story.html\",\"link_target\":\"blank\"}}]},{\"type\":\"html\",\"props\":{\"content\":\"<iframe src=\\\"https:\\\/\\\/project-spaces.eu\\\/learningcontent\\\/greenyou\\\/escaperoom6\\\/story.html\\\" width=\\\"100%\\\" height=\\\"500\\\" frameborder=\\\"0\\\" allowfullscreen><\\\/iframe>\"}}]}]},{\"type\":\"row\",\"children\":[{\"type\":\"column\",\"props\":{\"image_position\":\"center-center\",\"position_sticky_breakpoint\":\"m\"},\"children\":[{\"type\":\"totop\",\"props\":{\"margin\":\"default\",\"text_align\":\"center\",\"title\":\"Powr\\u00f3t na g\\u00f3r\\u0119\",\"title_grid_column_gap\":\"small\",\"title_grid_row_gap\":\"small\",\"title_style\":\"small\"}}]}]}]}],\"version\":\"4.5.4\"} --><\/p>\n","protected":false},"excerpt":{"rendered":"<p>Witamy w GreenYOU Digital Escape Rooms! Tutaj znajdziesz interaktywne wyzwania zaprojektowane, aby zwi\u0119kszy\u0107 Twoje umiej\u0119tno\u015bci krytycznego my\u015blenia, rozwi\u0105zywania problem\u00f3w, kreatywno\u015bci i wsp\u00f3\u0142pracy. Przejd\u017a przez quizy..<\/p>\n","protected":false},"author":1,"featured_media":781,"parent":1203,"menu_order":0,"comment_status":"closed","ping_status":"closed","template":"","meta":{"_acf_changed":false,"footnotes":""},"class_list":["post-1211","page","type-page","status-publish","has-post-thumbnail","hentry"],"acf":[],"_links":{"self":[{"href":"https:\/\/www.elearning.greenyouproject.eu\/pl\/wp-json\/wp\/v2\/pages\/1211","targetHints":{"allow":["GET"]}}],"collection":[{"href":"https:\/\/www.elearning.greenyouproject.eu\/pl\/wp-json\/wp\/v2\/pages"}],"about":[{"href":"https:\/\/www.elearning.greenyouproject.eu\/pl\/wp-json\/wp\/v2\/types\/page"}],"author":[{"embeddable":true,"href":"https:\/\/www.elearning.greenyouproject.eu\/pl\/wp-json\/wp\/v2\/users\/1"}],"replies":[{"embeddable":true,"href":"https:\/\/www.elearning.greenyouproject.eu\/pl\/wp-json\/wp\/v2\/comments?post=1211"}],"version-history":[{"count":22,"href":"https:\/\/www.elearning.greenyouproject.eu\/pl\/wp-json\/wp\/v2\/pages\/1211\/revisions"}],"predecessor-version":[{"id":1948,"href":"https:\/\/www.elearning.greenyouproject.eu\/pl\/wp-json\/wp\/v2\/pages\/1211\/revisions\/1948"}],"up":[{"embeddable":true,"href":"https:\/\/www.elearning.greenyouproject.eu\/pl\/wp-json\/wp\/v2\/pages\/1203"}],"wp:featuredmedia":[{"embeddable":true,"href":"https:\/\/www.elearning.greenyouproject.eu\/pl\/wp-json\/wp\/v2\/media\/781"}],"wp:attachment":[{"href":"https:\/\/www.elearning.greenyouproject.eu\/pl\/wp-json\/wp\/v2\/media?parent=1211"}],"curies":[{"name":"wp","href":"https:\/\/api.w.org\/{rel}","templated":true}]}}